{"id":294,"date":"2015-10-26T18:46:49","date_gmt":"2015-10-26T17:46:49","guid":{"rendered":"http:\/\/sallyskolan.se\/naturforskolan\/?page_id=294"},"modified":"2021-07-09T07:53:53","modified_gmt":"2021-07-09T05:53:53","slug":"ekorren-2","status":"publish","type":"page","link":"https:\/\/sallyskolan.se\/naturforskolan\/avdelningar\/ekorren-2\/","title":{"rendered":"Ekorren"},"content":{"rendered":"<p>V\u00e4lkommen till Ekorren!<\/p>\n<p>Ekorren \u00e4r en avdelning med barn i \u00e5ldrarna 1-5 \u00e5r.\u00a0I veckorna g\u00f6r vi p\u00e5 Ekorren omv\u00e4xlande och l\u00e4rorika\u00a0saker; vi jobbar med tema, gymnastik, och har olika naturaktivteter i n\u00e4romr\u00e5det och i Kristianstads Vattenrike flera\u00a0g\u00e5nger i veckan. Vi vistas ocks\u00e5 mycket ute i v\u00e5r lummiga tr\u00e4dg\u00e5rd.<\/p>\n","protected":false},"excerpt":{"rendered":"<p>V\u00e4lkommen till Ekorren! Ekorren \u00e4r en avdelning med barn i \u00e5ldrarna 1-5 \u00e5r.\u00a0I veckorna g\u00f6r vi p\u00e5 Ekorren omv\u00e4xlande och l\u00e4rorika\u00a0saker; vi jobbar med tema, gymnastik, och har olika naturaktivteter i n\u00e4romr\u00e5det och i Kristianstads Vattenrike flera\u00a0g\u00e5nger i veckan. Vi vistas ocks\u00e5 mycket ute i v\u00e5r lummiga tr\u00e4dg\u00e5rd.<\/p>\n","protected":false},"author":2,"featured_media":0,"parent":50,"menu_order":0,"comment_status":"closed","ping_status":"closed","template":"","meta":{"footnotes":""},"class_list":["post-294","page","type-page","status-publish","hentry"],"_links":{"self":[{"href":"https:\/\/sallyskolan.se\/naturforskolan\/wp-json\/wp\/v2\/pages\/294"}],"collection":[{"href":"https:\/\/sallyskolan.se\/naturforskolan\/wp-json\/wp\/v2\/pages"}],"about":[{"href":"https:\/\/sallyskolan.se\/naturforskolan\/wp-json\/wp\/v2\/types\/page"}],"author":[{"embeddable":true,"href":"https:\/\/sallyskolan.se\/naturforskolan\/wp-json\/wp\/v2\/users\/2"}],"replies":[{"embeddable":true,"href":"https:\/\/sallyskolan.se\/naturforskolan\/wp-json\/wp\/v2\/comments?post=294"}],"version-history":[{"count":20,"href":"https:\/\/sallyskolan.se\/naturforskolan\/wp-json\/wp\/v2\/pages\/294\/revisions"}],"predecessor-version":[{"id":786,"href":"https:\/\/sallyskolan.se\/naturforskolan\/wp-json\/wp\/v2\/pages\/294\/revisions\/786"}],"up":[{"embeddable":true,"href":"https:\/\/sallyskolan.se\/naturforskolan\/wp-json\/wp\/v2\/pages\/50"}],"wp:attachment":[{"href":"https:\/\/sallyskolan.se\/naturforskolan\/wp-json\/wp\/v2\/media?parent=294"}],"curies":[{"name":"wp","href":"https:\/\/api.w.org\/{rel}","templated":true}]}}