{"id":50,"date":"2015-09-09T15:28:47","date_gmt":"2015-09-09T13:28:47","guid":{"rendered":"http:\/\/sallyskolan.se\/naturforskolan\/?page_id=50"},"modified":"2018-06-28T10:19:20","modified_gmt":"2018-06-28T08:19:20","slug":"avdelningar","status":"publish","type":"page","link":"https:\/\/sallyskolan.se\/naturforskolan\/avdelningar\/","title":{"rendered":"Avdelningar"},"content":{"rendered":"<h1>V\u00e5ra avdelningar<\/h1>\n<p>P\u00e5 Naturf\u00f6rskolan\u00a0Sally finns tre avdelningar, Humlan, Myran och Ekorren, f\u00f6r barn mellan 1-5 \u00e5r.<br \/>\nKlicka p\u00e5 ett\u00a0djur f\u00f6r att l\u00e4sa mer om respektive avdelnings\u00a0verksamhet och v\u00e5ra olika aktiviteter.<\/p>\n","protected":false},"excerpt":{"rendered":"<p>V\u00e5ra avdelningar P\u00e5 Naturf\u00f6rskolan\u00a0Sally finns tre avdelningar, Humlan, Myran och Ekorren, f\u00f6r barn mellan 1-5 \u00e5r. Klicka p\u00e5 ett\u00a0djur f\u00f6r att l\u00e4sa mer om respektive avdelnings\u00a0verksamhet och v\u00e5ra olika aktiviteter.<\/p>\n","protected":false},"author":1,"featured_media":0,"parent":0,"menu_order":0,"comment_status":"closed","ping_status":"closed","template":"","meta":{"footnotes":""},"class_list":["post-50","page","type-page","status-publish","hentry"],"_links":{"self":[{"href":"https:\/\/sallyskolan.se\/naturforskolan\/wp-json\/wp\/v2\/pages\/50"}],"collection":[{"href":"https:\/\/sallyskolan.se\/naturforskolan\/wp-json\/wp\/v2\/pages"}],"about":[{"href":"https:\/\/sallyskolan.se\/naturforskolan\/wp-json\/wp\/v2\/types\/page"}],"author":[{"embeddable":true,"href":"https:\/\/sallyskolan.se\/naturforskolan\/wp-json\/wp\/v2\/users\/1"}],"replies":[{"embeddable":true,"href":"https:\/\/sallyskolan.se\/naturforskolan\/wp-json\/wp\/v2\/comments?post=50"}],"version-history":[{"count":10,"href":"https:\/\/sallyskolan.se\/naturforskolan\/wp-json\/wp\/v2\/pages\/50\/revisions"}],"predecessor-version":[{"id":576,"href":"https:\/\/sallyskolan.se\/naturforskolan\/wp-json\/wp\/v2\/pages\/50\/revisions\/576"}],"wp:attachment":[{"href":"https:\/\/sallyskolan.se\/naturforskolan\/wp-json\/wp\/v2\/media?parent=50"}],"curies":[{"name":"wp","href":"https:\/\/api.w.org\/{rel}","templated":true}]}}