{"id":526,"date":"2018-04-27T10:40:39","date_gmt":"2018-04-27T08:40:39","guid":{"rendered":"http:\/\/sallyskolan.se\/naturforskolan\/?page_id=526"},"modified":"2018-04-27T10:40:39","modified_gmt":"2018-04-27T08:40:39","slug":"integritetspolicy","status":"publish","type":"page","link":"https:\/\/sallyskolan.se\/naturforskolan\/integritetspolicy\/","title":{"rendered":"Integritetspolicy"},"content":{"rendered":"<h2>Sallyf\u00f6rskolornas hantering av personuppgifter<\/h2>\n<p>F\u00f6r Sallyf\u00f6rskolorna (Simf\u00f6rskolan Sally AB och Naturf\u00f6rskolan Sally AB) \u00e4r det viktigt att du ska k\u00e4nna dig trygg med att vi behandlar dina personuppgifter p\u00e5 ett s\u00e4kert och lagligt s\u00e4tt. P\u00e5 den h\u00e4r sidan beskriver vi bland annat om hur vi behandlar dina personuppgifter.<\/p>\n<p>All behandling av personuppgifter sker enligt g\u00e4llande lagstiftning. Detta inneb\u00e4r bland annat att vi skyddar dina personuppgifter med n\u00f6dv\u00e4ndiga \u00e5tg\u00e4rder och att du alltid har r\u00e4tt att kontakta oss f\u00f6r att f\u00e5 reda p\u00e5 vilka personuppgifter som vi har sparade om dig. Du kan l\u00e4sa mer om dina r\u00e4ttigheter i denna policy. Du kan ocks\u00e5 bes\u00f6ka www.datainspektionen.se d\u00e4r du kan l\u00e4sa mer om dina r\u00e4ttigheter avseende v\u00e5r behandling av dina personuppgifter.<br \/>\nHar du n\u00e5gra fr\u00e5gor om v\u00e5r behandling av personuppgifter \u00e4r du givetvis alltid v\u00e4lkommen att kontakta oss!<\/p>\n<h2>Integritetspolicy &#8211; s\u00e5 h\u00e4r behandlar Sallyf\u00f6rskolorna dina personuppgifter<\/h2>\n<p>Denna integritetspolicy beskriver Sallyf\u00f6rskolornas behandling av dina personuppgifter och g\u00e4ller n\u00e4r du anv\u00e4nder Sallyf\u00f6rskolornas tj\u00e4nster eller p\u00e5 annat s\u00e4tt \u00e4r i kontakt med oss.<\/p>\n<p><strong>Vem ansvarar f\u00f6r dina personuppgifter?<\/strong><br \/>\nSimf\u00f6rskolan Sally AB, org.nr. 556815-9726 och Naturf\u00f6rskolan Sally AB, org.nr. 559006-8077, \u00e4r personuppgiftsansvariga f\u00f6r behandlingen av dina personuppgifter och ansvarar f\u00f6r att s\u00e5dan behandling sker p\u00e5 ett lagligt s\u00e4tt.<\/p>\n<p><strong>Hur f\u00e5r Sallyf\u00f6rskolorna dina personuppgifter?<\/strong><br \/>\nSallyf\u00f6rskolorna samlar in personuppgifter som du l\u00e4mnar till oss n\u00e4r du st\u00e4ller ditt barn i k\u00f6, alternativt tilldelas och accepterar en f\u00f6rskoleplats p\u00e5 n\u00e5gon av Sallyf\u00f6rskolorna, d\u00e4refter l\u00f6pande d\u00e5 vi s\u00e5 beg\u00e4r.<\/p>\n<p><strong>Vilka uppgifter behandlas?<\/strong><br \/>\nSallyf\u00f6rskolorna behandlar de personuppgifter som l\u00e4mnas till oss, g\u00e4llande dig och ditt barn. Det kan vara namn, e-postadress, telefonnummer, postadress, f\u00f6delsedatum, inkomstuppgifter, allergier, specialkost och\/eller annan information som du l\u00e4mnat till oss eller i \u00f6vrigt \u00e4r n\u00f6dv\u00e4ndig f\u00f6r att vi ska kunna fullg\u00f6ra v\u00e5ra \u00e5taganden gentemot dig och ditt barn.<\/p>\n<h2>Varf\u00f6r behandlar Sallyf\u00f6rskolorna uppgifter om dig?<\/h2>\n<p>Vi kan anv\u00e4nda dina personuppgifter f\u00f6r bland annat f\u00f6ljande \u00e4ndam\u00e5l:<br \/>\n\u2022 F\u00f6r att fullg\u00f6ra v\u00e5ra \u00e5taganden gentemot dig,<br \/>\n\u2022 F\u00f6r att ge god service och v\u00e4lfungerande barnomsorg f\u00f6r ditt barn,<br \/>\n\u2022 F\u00f6r att skapa och underh\u00e5lla portfolien om ditt barn och dennes visstelse hos oss,<br \/>\n\u2022 F\u00f6r att kunna genomf\u00f6ra utflykter och andra aktiviteter med ditt barn,<br \/>\n\u2022 F\u00f6r att administrera fakturor till dig i enlighet med maxtaxan,<br \/>\n\u2022 F\u00f6r att erh\u00e5lla kommunbidrag f\u00f6r omsorgstimmar,<br \/>\n\u2022 F\u00f6r att vid behov f\u00f6ra dialog med specialpedagog etc,<br \/>\n\u2022 F\u00f6r att l\u00e4mna nyhetsbrev och information till dig.<\/p>\n<h2>N\u00e4r har Sallyf\u00f6rskolorna r\u00e4tt att behandla dina personuppgifter?<\/h2>\n<p>Sallyf\u00f6rskolorna har r\u00e4tt att behandla de personuppgifter som kr\u00e4vs f\u00f6r fullg\u00f6randet av v\u00e5rt \u00e5tagande mot dig eller om du har l\u00e4mnat ditt samtycke till behandlingen. Sallyf\u00f6rskolorna kan \u00e4ven beh\u00f6va behandla dina personuppgifter p\u00e5 grund av krav i lag eller f\u00f6rordning.<br \/>\nI vissa fall kan Sallyf\u00f6rskolorna beh\u00f6va ditt samtycke f\u00f6r att behandla dina personuppgifter. N\u00e4r du l\u00e4mnar ditt samtycke i dessa fall kommer du alltid att f\u00e5 klar och tydlig information om vad du samtycker till.<\/p>\n<h2>Vem har tillg\u00e5ng till dina personuppgifter?<\/h2>\n<p>Dina personuppgifter anv\u00e4nds av Sallyf\u00f6rskolorna och Sallyf\u00f6rskolornas personuppgiftsbitr\u00e4den. Vi l\u00e4mnar inte ut personuppgifter till andra bolag om vi inte beh\u00f6ver g\u00f6ra detta p\u00e5 grund av lag, f\u00f6rordning eller myndighetsbeslut eller f\u00f6r att skydda v\u00e5ra r\u00e4ttigheter eller tredje parts r\u00e4ttigheter.<br \/>\nVi vidarebefordrar, s\u00e4ljer eller byter aldrig dina personuppgifter f\u00f6r marknadsf\u00f6rings\u00e4ndam\u00e5l till tredje part utanf\u00f6r Sallyf\u00f6rskolorna. Vi l\u00e4mnar ut dina barns personuppgifter till tredje part endast om du har samtyckt till detta, s\u00e5som till Friluftsfr\u00e4mjandet f\u00f6r ans\u00f6kan om medlemsskap etc.<\/p>\n<h2>\u00d6verf\u00f6ring till tredje land<\/h2>\n<p>Huvudprincipen \u00e4r att inga personuppgifter \u00f6verf\u00f6rs till annat land.<\/p>\n<h2>Hur l\u00e4nge sparar vi dina personuppgifter?<\/h2>\n<p>Sallyf\u00f6rskolorna sparar dina personuppgifter under tiden som ditt barn har en plats p\u00e5 f\u00f6rskolan. Max 3 m\u00e5nader efter avslut p\u00e5 Sallyf\u00f6rskolorna raderas de personuppgifter som f\u00f6rskolan innehaft. Undantag \u00e4r uppgifter som enligt bokf\u00f6ringslagen avser underliggande dokument till bokf\u00f6ring och m\u00e5ste arkiveras under 7 \u00e5r. Viss information gallras dock l\u00f6pande bort efterhand de inte beh\u00f6vs.<\/p>\n<h2>Vad har du f\u00f6r r\u00e4ttigheter?<\/h2>\n<p>Du har r\u00e4tt att n\u00e4r som helst (kostnadsfritt en g\u00e5ng om \u00e5ret) beg\u00e4ra information om vilka personuppgifter vi har sparat om dig. Din beg\u00e4ran ska vara skriftlig och egenh\u00e4ndigt undertecknad samt inneh\u00e5lla uppgift om namn och personnummer. Detta beh\u00f6ver vi f\u00f6r att s\u00e4kerst\u00e4lla att vi l\u00e4mnar ut uppgifterna till r\u00e4tt person.<\/p>\n<p>Om dina uppgifter \u00e4r felaktiga, ofullst\u00e4ndiga eller irrelevanta, kan du beg\u00e4ra att f\u00e5 dem r\u00e4ttade. Vi kan inte radera dina uppgifter som utg\u00f6r allm\u00e4nna handlingar eller d\u00e5 det f\u00f6religger ett lagstadagat krav p\u00e5 lagring, som exempelvis bokf\u00f6ringsregler, eller n\u00e4r det finns andra legitima sk\u00e4l till varf\u00f6r uppgifterna m\u00e5ste sparas, till exempel obetalda fakturor.<\/p>\n<p>Beg\u00e4ran om registerutdrag, information eller r\u00e4ttning av felaktiga uppgifter skickas till:<\/p>\n<p><strong>Simf\u00f6rskolan Sally AB\/ Naturf\u00f6rskolan Sally AB<\/strong><br \/>\nAmbulansv\u00e4gen 1<br \/>\n291 33 Kristianstad<\/p>\n<p>Informationen kommer att s\u00e4ndas till din folkbokf\u00f6ringsadress.<br \/>\nDu har vidare r\u00e4tt att i f\u00f6rekommande fall inge klagom\u00e5l till Datainspektionen som \u00e4r tillsynsmyndighet f\u00f6r behandling av personuppgifter.<\/p>\n<h2>Hur skyddas dina uppgifter?<\/h2>\n<p>Sallyf\u00f6rskolorna v\u00e4rnar om din integritet. Sallyf\u00f6rskolorna arbetar d\u00e4rf\u00f6r st\u00e4ndigt med att vidta alla l\u00e4mpliga tekniska och organisatoriska \u00e5tg\u00e4rder som i varje enskilt fall kr\u00e4vs f\u00f6r att skydda dina personuppgifter och i \u00f6vrigt s\u00e4kerst\u00e4lla att behandlingen sker enligt g\u00e4llande lag.<\/p>\n<h2>Cookies<\/h2>\n<p>Sallyskolan som \u00e4r v\u00e5r publika webbplats kan i likhet med m\u00e5nga andra webbplatser lagra eller h\u00e4mta information i din webbl\u00e4sare, oftast i form av cookies. Denna information som kan handla om dig, dina intressen eller din Internetenhet (dator, surfplatta eller mobil) anv\u00e4nds i huvudsak f\u00f6r att webbplatsen ska fungera som du f\u00f6rv\u00e4ntar dig och ge dig en mera personlig upplevelse av webben, samt f\u00f6r att minnas dina tidigare val. Cookies f\u00f6r prestanda Med hj\u00e4lp av dessa cookies f\u00e5r vi reda p\u00e5 hur bes\u00f6karna anv\u00e4nder webbplatsen, s\u00e5 att vi kan bed\u00f6ma hur den fungerar och g\u00f6ra f\u00f6rb\u00e4ttringar. <\/p>\n<p>Vi kan exempelvis ta reda p\u00e5 vilka webbsidor som \u00e4r mest och minst popul\u00e4ra med hj\u00e4lp av dessa cookies. De m\u00e4ter antalet bes\u00f6kare, hur l\u00e5ng tid bes\u00f6karna tillbringar p\u00e5 webbplatsen och hur de hittar den. Vi f\u00e5r veta vad vi \u00e4r bra p\u00e5 och vad vi kan g\u00f6ra b\u00e4ttre, samt kan s\u00e4kerst\u00e4lla att sidorna l\u00e4ses in snabbare och visas p\u00e5 ett korrekt s\u00e4tt. All information som samlas in av dessa cookies \u00e4r anonym och inte kopplad till n\u00e5gon personlig information om dig. <\/p>\n<p><strong>V\u00e4lja bort cookies <\/strong><br \/>\nOm v\u00e5r anv\u00e4ndning av cookies \u00e4r problematisk f\u00f6r dig kan du vidta \u00e5tg\u00e4rder f\u00f6r att de inte ska till\u00e4mpas. Du kan \u00e4ven \u00e4ndra inst\u00e4llningarna i din webbl\u00e4sare s\u00e5 att vissa typer av cookies blockeras. Om du vill ha mer information om hur detta g\u00e5r till, kan du s\u00f6ka i webbl\u00e4sarens hj\u00e4lpinformation.<\/p>\n<h2>Uppdatering av denna integritetspolicy<\/h2>\n<p>Sallyf\u00f6rskolorna g\u00f6r l\u00f6pande uppdateringar i denna policy. En ny version blir g\u00e4llande n\u00e4r den g\u00f6rs tillg\u00e4nglig p\u00e5 v\u00e5r hemsida www.sallyforskolan.se.<\/p>\n<p><strong>Kontaktinformation<\/strong><br \/>\nTveka inte att kontakta oss om du har n\u00e5gra fr\u00e5gor om v\u00e5r behandling av dina personuppgifter. V\u00e5r kontaktinformation hittar du nedan.<\/p>\n<p><strong>Simf\u00f6rskolan Sally AB\/ Naturf\u00f6rskolan Sally AB<\/strong><br \/>\nAmbulansv\u00e4gen 1<br \/>\n291 33 Kristianstad <\/p>\n<p><em>Denna integritetspolicy \u00e4r g\u00e4llande fr.om. 2018-05-13<\/em><\/p>\n","protected":false},"excerpt":{"rendered":"<p>Sallyf\u00f6rskolornas hantering av personuppgifter F\u00f6r Sallyf\u00f6rskolorna (Simf\u00f6rskolan Sally AB och Naturf\u00f6rskolan Sally AB) \u00e4r det viktigt att du ska k\u00e4nna dig trygg med att vi behandlar dina personuppgifter p\u00e5 ett s\u00e4kert och lagligt s\u00e4tt. P\u00e5 den h\u00e4r sidan beskriver vi bland annat om hur vi behandlar dina personuppgifter. All behandling av personuppgifter sker enligt g\u00e4llande [&hellip;]<\/p>\n","protected":false},"author":1,"featured_media":0,"parent":0,"menu_order":0,"comment_status":"closed","ping_status":"closed","template":"","meta":{"footnotes":""},"class_list":["post-526","page","type-page","status-publish","hentry"],"_links":{"self":[{"href":"https:\/\/sallyskolan.se\/naturforskolan\/wp-json\/wp\/v2\/pages\/526"}],"collection":[{"href":"https:\/\/sallyskolan.se\/naturforskolan\/wp-json\/wp\/v2\/pages"}],"about":[{"href":"https:\/\/sallyskolan.se\/naturforskolan\/wp-json\/wp\/v2\/types\/page"}],"author":[{"embeddable":true,"href":"https:\/\/sallyskolan.se\/naturforskolan\/wp-json\/wp\/v2\/users\/1"}],"replies":[{"embeddable":true,"href":"https:\/\/sallyskolan.se\/naturforskolan\/wp-json\/wp\/v2\/comments?post=526"}],"version-history":[{"count":1,"href":"https:\/\/sallyskolan.se\/naturforskolan\/wp-json\/wp\/v2\/pages\/526\/revisions"}],"predecessor-version":[{"id":527,"href":"https:\/\/sallyskolan.se\/naturforskolan\/wp-json\/wp\/v2\/pages\/526\/revisions\/527"}],"wp:attachment":[{"href":"https:\/\/sallyskolan.se\/naturforskolan\/wp-json\/wp\/v2\/media?parent=526"}],"curies":[{"name":"wp","href":"https:\/\/api.w.org\/{rel}","templated":true}]}}