{"id":56,"date":"2015-09-09T15:29:54","date_gmt":"2015-09-09T13:29:54","guid":{"rendered":"http:\/\/sallyskolan.se\/naturforskolan\/?page_id=56"},"modified":"2021-07-09T07:54:16","modified_gmt":"2021-07-09T05:54:16","slug":"humlan","status":"publish","type":"page","link":"https:\/\/sallyskolan.se\/naturforskolan\/avdelningar\/humlan\/","title":{"rendered":"Humlan"},"content":{"rendered":"<h1>V\u00e4lkommen till Humlan!<\/h1>\n<p>Humlan \u00e4r en avdelning med barn i \u00e5ldrarna 1-5 \u00e5r.\u00a0I veckorna g\u00f6r vi p\u00e5 Humlan\u00a0omv\u00e4xlande och l\u00e4rorika\u00a0saker; vi jobbar med tema, gymnastik, och har olika naturaktivteter i n\u00e4romr\u00e5det och i Kristianstads Vattenrike flera\u00a0g\u00e5nger i veckan. Vi vistas ocks\u00e5 mycket ute i v\u00e5r lummiga tr\u00e4dg\u00e5rd.<\/p>\n","protected":false},"excerpt":{"rendered":"<p>V\u00e4lkommen till Humlan! Humlan \u00e4r en avdelning med barn i \u00e5ldrarna 1-5 \u00e5r.\u00a0I veckorna g\u00f6r vi p\u00e5 Humlan\u00a0omv\u00e4xlande och l\u00e4rorika\u00a0saker; vi jobbar med tema, gymnastik, och har olika naturaktivteter i n\u00e4romr\u00e5det och i Kristianstads Vattenrike flera\u00a0g\u00e5nger i veckan. Vi vistas ocks\u00e5 mycket ute i v\u00e5r lummiga tr\u00e4dg\u00e5rd.<\/p>\n","protected":false},"author":1,"featured_media":0,"parent":50,"menu_order":0,"comment_status":"closed","ping_status":"closed","template":"","meta":{"footnotes":""},"class_list":["post-56","page","type-page","status-publish","hentry"],"_links":{"self":[{"href":"https:\/\/sallyskolan.se\/naturforskolan\/wp-json\/wp\/v2\/pages\/56"}],"collection":[{"href":"https:\/\/sallyskolan.se\/naturforskolan\/wp-json\/wp\/v2\/pages"}],"about":[{"href":"https:\/\/sallyskolan.se\/naturforskolan\/wp-json\/wp\/v2\/types\/page"}],"author":[{"embeddable":true,"href":"https:\/\/sallyskolan.se\/naturforskolan\/wp-json\/wp\/v2\/users\/1"}],"replies":[{"embeddable":true,"href":"https:\/\/sallyskolan.se\/naturforskolan\/wp-json\/wp\/v2\/comments?post=56"}],"version-history":[{"count":31,"href":"https:\/\/sallyskolan.se\/naturforskolan\/wp-json\/wp\/v2\/pages\/56\/revisions"}],"predecessor-version":[{"id":787,"href":"https:\/\/sallyskolan.se\/naturforskolan\/wp-json\/wp\/v2\/pages\/56\/revisions\/787"}],"up":[{"embeddable":true,"href":"https:\/\/sallyskolan.se\/naturforskolan\/wp-json\/wp\/v2\/pages\/50"}],"wp:attachment":[{"href":"https:\/\/sallyskolan.se\/naturforskolan\/wp-json\/wp\/v2\/media?parent=56"}],"curies":[{"name":"wp","href":"https:\/\/api.w.org\/{rel}","templated":true}]}}