{"id":58,"date":"2015-09-09T15:30:06","date_gmt":"2015-09-09T13:30:06","guid":{"rendered":"http:\/\/sallyskolan.se\/naturforskolan\/?page_id=58"},"modified":"2024-02-24T14:42:47","modified_gmt":"2024-02-24T13:42:47","slug":"myran","status":"publish","type":"page","link":"https:\/\/sallyskolan.se\/naturforskolan\/avdelningar\/myran\/","title":{"rendered":"Myran"},"content":{"rendered":"<blockquote>\n<h1>V\u00e4lkommen till Myran!<\/h1>\n<\/blockquote>\n<p>Myran \u00e4r en avdelning med barn i \u00e5ldrarna 1-5 \u00e5r. I veckorna g\u00f6r vi p\u00e5 Myran omv\u00e4xlande och l\u00e4rorika saker; vi jobbar med tema, gymnastik, och har olika naturaktivteter i n\u00e4romr\u00e5det och i Kristianstads Vattenrike flera g\u00e5nger i veckan. Vi vistas ocks\u00e5 mycket ute i v\u00e5r lummiga tr\u00e4dg\u00e5rd.<\/p>\n","protected":false},"excerpt":{"rendered":"<p>V\u00e4lkommen till Myran! Myran \u00e4r en avdelning med barn i \u00e5ldrarna 1-5 \u00e5r. I veckorna g\u00f6r vi p\u00e5 Myran omv\u00e4xlande och l\u00e4rorika saker; vi jobbar med tema, gymnastik, och har olika naturaktivteter i n\u00e4romr\u00e5det och i Kristianstads Vattenrike flera g\u00e5nger i veckan. Vi vistas ocks\u00e5 mycket ute i v\u00e5r lummiga tr\u00e4dg\u00e5rd.<\/p>\n","protected":false},"author":1,"featured_media":0,"parent":50,"menu_order":0,"comment_status":"closed","ping_status":"closed","template":"","meta":{"footnotes":""},"class_list":["post-58","page","type-page","status-publish","hentry"],"_links":{"self":[{"href":"https:\/\/sallyskolan.se\/naturforskolan\/wp-json\/wp\/v2\/pages\/58"}],"collection":[{"href":"https:\/\/sallyskolan.se\/naturforskolan\/wp-json\/wp\/v2\/pages"}],"about":[{"href":"https:\/\/sallyskolan.se\/naturforskolan\/wp-json\/wp\/v2\/types\/page"}],"author":[{"embeddable":true,"href":"https:\/\/sallyskolan.se\/naturforskolan\/wp-json\/wp\/v2\/users\/1"}],"replies":[{"embeddable":true,"href":"https:\/\/sallyskolan.se\/naturforskolan\/wp-json\/wp\/v2\/comments?post=58"}],"version-history":[{"count":28,"href":"https:\/\/sallyskolan.se\/naturforskolan\/wp-json\/wp\/v2\/pages\/58\/revisions"}],"predecessor-version":[{"id":840,"href":"https:\/\/sallyskolan.se\/naturforskolan\/wp-json\/wp\/v2\/pages\/58\/revisions\/840"}],"up":[{"embeddable":true,"href":"https:\/\/sallyskolan.se\/naturforskolan\/wp-json\/wp\/v2\/pages\/50"}],"wp:attachment":[{"href":"https:\/\/sallyskolan.se\/naturforskolan\/wp-json\/wp\/v2\/media?parent=58"}],"curies":[{"name":"wp","href":"https:\/\/api.w.org\/{rel}","templated":true}]}}