{"id":14,"date":"2015-08-27T16:26:29","date_gmt":"2015-08-27T14:26:29","guid":{"rendered":"http:\/\/sallyskolan.se\/simforskolan\/?page_id=14"},"modified":"2026-02-17T13:47:36","modified_gmt":"2026-02-17T12:47:36","slug":"kontakt","status":"publish","type":"page","link":"https:\/\/sallyskolan.se\/simforskolan\/kontakt\/","title":{"rendered":"Kontakt"},"content":{"rendered":"<h1>H\u00e4r finns vi!<\/h1>\n<p>Simf\u00f6rskolan Sally ligger p\u00e5 Ambulansv\u00e4gen 1 i Kristianstad. Vi har en stor, lummig och h\u00e4rlig tr\u00e4dg\u00e5rd som inbjuder till mycket skoj och varierande utelekar. Det finns gr\u00e4smatta, sandl\u00e5dor, kl\u00e4tterst\u00e4llning, gungor och rutschbana.<\/p>\n<p>&nbsp;<\/p>\n<p><strong>Kontakta oss!<\/strong><br \/>\nRing, skriv eller kom p\u00e5 bes\u00f6k. Vi ber\u00e4ttar g\u00e4rna mer om v\u00e5r f\u00f6rskola och svarar p\u00e5 eventuella fr\u00e5gor.<\/p>\n<p>V\u00e5rt kontor \u00e4r bemannat m\u00e5ndag-fredag kl 08.45-13.00. Fr\u00e5gor ang\u00e5ende fakturor, barnomsorgsavgifter besvaras under kontorstid, 044-10 22 50, v\u00e4lj administration.<\/p>\n<p>V\u00e5r v\u00e4xel, 044-10 22 50, \u00e4r \u00f6ppen mellan kl. 06.30-18.30. G\u00f6r ett knappval f\u00f6r att kopplas till den avdelning ni beh\u00f6ver komma i kontakt med. \u00d6vriga tider, d\u00e5 v\u00e5r v\u00e4xel \u00e4r st\u00e4ngd, blir ni automatiskt kopplade till v\u00e5r r\u00f6stbrevl\u00e5da d\u00e4r ni kan l\u00e4mna ett meddelande, som lyssnas av arbetsdagen efter, kl 06.30.<\/p>\n<p>Vill du komma i kontakt med oss via e-post g\u00e4llande fr\u00e5gor om fakturor\u00a0 skriv till: <a href=\"mailto:simforskolan@sallyskolan.se\">administration@sallyskolan.se<\/a>.<\/p>\n<p>Vill du komma i kontakt med Rektor Marielle Thiele n\u00e5s hon s\u00e4krast p\u00e5 telefon mellan 09.00-11.00 p\u00e5 0733-813319. Det g\u00e5r ocks\u00e5 bra att mejla till <a href=\"mailto:forskolechef@sallyskolan.se\">rektor@sallyskolan.se<\/a>.<\/p>\n<p>Vid klagom\u00e5l kontakta Rektor Marielle Thiele p\u00e5 0733-813319 eller mejla p\u00e5 rektor@sallyskolan.se<\/p>\n<p>F\u00f6r \u00f6vriga fr\u00e5gor kontakta skolchef Andrea Thiele: 0703-10 22 71. Det g\u00e5r \u00e4ven bra att mejla till skolchef@sallyskolan.se<\/p>\n<p>Om n\u00e5got \u00e4r oklart, tveka inte att kontakta oss!<\/p>\n<p>&nbsp;<\/p>\n<p><strong>Om platsans\u00f6kan och kontakt med k\u00f6ansvarig<\/strong><br \/>\nOm du har n\u00e5gra fr\u00e5gor eller vill komma i kontakt med k\u00f6ansvarig p\u00e5 Simf\u00f6rskolan\u00a0Sally (och\/eller Naturf\u00f6rskolan Sally) \u00e4r du v\u00e4lkommen att mejla oss p\u00e5\u00a0<a href=\"mailto:ansokan@sallyskolan.se\">ansokan@sallyskolan.se<\/a> eller kontakta oss p\u00e5 telefon: 044-10 22 50.<\/p>\n<p>Ans\u00f6kan om plats kan INTE g\u00f6ras p\u00e5 ovanst\u00e5ende mejladress, endast via <a href=\"https:\/\/sallyskolan.se\/simforskolan\/?page_id=840&amp;preview=true\" target=\"_blank\" rel=\"noopener\">formul\u00e4r f\u00f6r platsans\u00f6kan<\/a>! En f\u00f6ruts\u00e4ttning f\u00f6r att din platsans\u00f6kan ska kunna behandlas \u00e4r att du samtycker med F\u00f6rskolorna Sallys <a href=\"http:\/\/sallyskolan.se\/simforskolan\/integritetspolicy\/\" target=\"_blank\" rel=\"noopener\">integritetspolicy<\/a> och <a href=\"http:\/\/sallyskolan.se\/simforskolan\/wp-content\/uploads\/sites\/2\/2021\/03\/Sally_samtycke_GDPR.pdf\" target=\"_blank\" rel=\"noopener\">personuppgiftsbehandling f\u00f6r barn i k\u00f6<\/a>.<\/p>\n<p><strong>OBS! Vi svarar endast p\u00e5 ans\u00f6kan om plats till v\u00e5ra F\u00f6rskolor p\u00e5 ansokan@sallyskolan.se\u00a0<\/strong><\/p>\n<p>F\u00f6r \u00f6vriga fr\u00e5gor h\u00e4nvisar vi er till \u00f6vriga mailadresser!<\/p>\n<p>OBS! V\u00e5ra mejlsvar kan hamna i din skr\u00e4ppostl\u00e5da! Det \u00e4r d\u00e4rf\u00f6r viktigt att du \u00e4ven tittar d\u00e4r efter svar fr\u00e5n oss.<\/p>\n<p>&nbsp;<\/p>\n<p><b>Ladda ner blanketter f\u00f6r schema, inkomstuppgift samt <a href=\"https:\/\/sallyskolan.se\/simforskolan\/?page_id=840&amp;preview=true\" target=\"_blank\" rel=\"noopener\">ans\u00f6k om k\u00f6plats via formul\u00e4r<\/a><\/b><br \/>\n\u2022\u00a0<a href=\"http:\/\/sallyskolan.se\/simforskolan\/wp-content\/uploads\/sites\/2\/2015\/08\/Schema-SimSally.docx\">Schema<\/a> &#8211;\u00a0avseende f\u00f6rskola<br \/>\n\u2022\u00a0<a href=\"http:\/\/sallyskolan.se\/simforskolan\/wp-content\/uploads\/sites\/2\/2021\/03\/Inkomstuppgift-SimSally-2021.docx\">Inkomstuppgift<\/a> &#8211;\u00a0avseende f\u00f6rskola<br \/>\n\u2022 <a href=\"http:\/\/sallyskolan.se\/simforskolan\/wp-content\/uploads\/sites\/2\/2021\/03\/Sally_samtycke_GDPR.pdf\">Samtycke f\u00f6r barn i k\u00f6 och personuppgiftsbehandling<\/a> &#8211; avseende f\u00f6rskola<\/p>\n<p>&nbsp;<\/p>\n<p><strong>L\u00e4nkar<\/strong><br \/>\nV\u00e4ntar ni till\u00f6kning eller har ni kanske precis blivit fler i familjen? Hos <a href=\"http:\/\/www.babycard.se\" target=\"_blank\" rel=\"noopener\">Babycard.se<\/a> finns m\u00e5nga bra tips p\u00e5 aktiviteter, tj\u00e4nster och n\u00f6dv\u00e4ndiga ink\u00f6p f\u00f6r er som nyblivna f\u00f6r\u00e4ldrar.\u00a0L\u00e4nken \u00f6ppnas i ett nytt f\u00f6nster.<\/p>\n<p>&nbsp;<\/p>\n<p><a href=\"https:\/\/www.skolverket.se\/publikationer?id=4001\" target=\"_blank\" rel=\"noopener\">L\u00e4roplan f\u00f6r f\u00f6rskolan<\/a>\u00a0Lpf\u00f6 18.\u00a0L\u00e4nken \u00f6ppnas i ett nytt f\u00f6nster.<\/p>\n","protected":false},"excerpt":{"rendered":"<p>H\u00e4r finns vi! Simf\u00f6rskolan Sally ligger p\u00e5 Ambulansv\u00e4gen 1 i Kristianstad. Vi har en stor, lummig och h\u00e4rlig tr\u00e4dg\u00e5rd som inbjuder till mycket skoj och varierande utelekar. Det finns gr\u00e4smatta, sandl\u00e5dor, kl\u00e4tterst\u00e4llning, gungor och rutschbana. &nbsp; Kontakta oss! Ring, skriv eller kom p\u00e5 bes\u00f6k. Vi ber\u00e4ttar g\u00e4rna mer om v\u00e5r f\u00f6rskola och svarar p\u00e5 eventuella [&hellip;]<\/p>\n","protected":false},"author":1,"featured_media":0,"parent":0,"menu_order":0,"comment_status":"closed","ping_status":"closed","template":"tpl-kontakt.php","meta":{"footnotes":""},"class_list":["post-14","page","type-page","status-publish","hentry"],"_links":{"self":[{"href":"https:\/\/sallyskolan.se\/simforskolan\/wp-json\/wp\/v2\/pages\/14"}],"collection":[{"href":"https:\/\/sallyskolan.se\/simforskolan\/wp-json\/wp\/v2\/pages"}],"about":[{"href":"https:\/\/sallyskolan.se\/simforskolan\/wp-json\/wp\/v2\/types\/page"}],"author":[{"embeddable":true,"href":"https:\/\/sallyskolan.se\/simforskolan\/wp-json\/wp\/v2\/users\/1"}],"replies":[{"embeddable":true,"href":"https:\/\/sallyskolan.se\/simforskolan\/wp-json\/wp\/v2\/comments?post=14"}],"version-history":[{"count":60,"href":"https:\/\/sallyskolan.se\/simforskolan\/wp-json\/wp\/v2\/pages\/14\/revisions"}],"predecessor-version":[{"id":982,"href":"https:\/\/sallyskolan.se\/simforskolan\/wp-json\/wp\/v2\/pages\/14\/revisions\/982"}],"wp:attachment":[{"href":"https:\/\/sallyskolan.se\/simforskolan\/wp-json\/wp\/v2\/media?parent=14"}],"curies":[{"name":"wp","href":"https:\/\/api.w.org\/{rel}","templated":true}]}}