{"id":4,"date":"2015-08-27T16:25:38","date_gmt":"2015-08-27T14:25:38","guid":{"rendered":"http:\/\/sallyskolan.se\/simforskolan\/?page_id=4"},"modified":"2023-09-20T16:41:09","modified_gmt":"2023-09-20T14:41:09","slug":"profil","status":"publish","type":"page","link":"https:\/\/sallyskolan.se\/simforskolan\/profil\/","title":{"rendered":"Profil"},"content":{"rendered":"<h1>F\u00f6rskolan d\u00e4r alla trivs som fisken i vattnet!<\/h1>\n<div title=\"Page 1\">\n<div>\n<div>\n<p>Simf\u00f6rskolan Sally erbjuder Dig som v\u00e5rdnadshavare och Ditt barn en lust- och lekfylld f\u00f6rskola i centrala Kristianstad. Vi erbjuder stora lokaler, en stor och lummig tr\u00e4dg\u00e5rd d\u00e4r barn och personal dagligen vistas.<br \/>\nP\u00e5 Simf\u00f6rskolan Sally ser vi barnens trygghet och gl\u00e4dje som viktigt. Detta \u00e4r en f\u00f6ruts\u00e4ttning f\u00f6r att barnen ska kunna er\u00f6vra nya kunskaper, ett bra spr\u00e5k samt l\u00e4ra sig vara en god kamrat.<\/p>\n<p>Med regelbunden vattenvana\/simning och r\u00f6relse ger vi barnen en allsidig motorisk utveckling som \u00e4r bra grund inf\u00f6r skolstarten och fr\u00e4mjar barnens h\u00e4lsa.<\/p>\n<p>P\u00e5 ett lekfullt s\u00e4tt fr\u00e4mjar vi vattenvana i badhuset f\u00f6r de \u00e4ldre och p\u00e5 Simf\u00f6rskolan Sally har vi plask &amp; lek i barnpoolen f\u00f6r de yngre. Vi utg\u00e5r fr\u00e5n att l\u00e4ra barnen att flyta\/ta sig fram i ryggl\u00e4ge till en b\u00f6rjan, som en del i s\u00e4kerhetst\u00e4nket kring vatten.<\/p>\n<p>\u2013 Vi serverar en allsidig och h\u00e4lsosam kost.<br \/>\n\u2013 Hos oss r\u00e5der en varm och glad st\u00e4mning och vi har en positiv m\u00e4nniskosyn, d\u00e4r allas lika v\u00e4rde r\u00e5der.<br \/>\n\u2013 Vi \u00e4r ute i v\u00e5r h\u00e4rliga lummiga och stora tr\u00e4dg\u00e5rd, som inbjuder till mycket varierande utelek.<\/p>\n<h4>V\u00e5r m\u00e5ls\u00e4ttning:<\/h4>\n<p>\u2013 Vi leker fram lusten till l\u00e4rande, med inspiration fr\u00e5n bland annat naturen, och l\u00e5ter fantasin fl\u00f6da.<br \/>\n\u2013 Ju mer utevistelse, desto friskare barn.<br \/>\n\u2013 Vi arbetar i mindre grupper s\u00e5 att varje enskilt barn blir uppm\u00e4rksammat. Vi erbjuder en lugnare barngrupp i trivsam milj\u00f6 d\u00e4r ljudniv\u00e5n \u00e4r behaglig.<br \/>\n\u2013 Maten hos oss ska vara nyttig och h\u00e4lsosam.<br \/>\n\u2013 Vi dokumenterar Ditt barns vistelse d\u00e4r Du som v\u00e5rdnadshavare kan ta del av och f\u00f6lja vad vi g\u00f6r p\u00e5 f\u00f6rskolan.<br \/>\n\u2013 Alla barn ska k\u00e4nna sig trygga och tycka det \u00e4r kul att g\u00e5 till sin f\u00f6rskola!<br \/>\n\u2013 Vi arbetar utifr\u00e5n Skolverkets L\u00e4roplan Lpf\u00f6 18.<\/p>\n<\/div>\n<\/div>\n<\/div>\n<p>Simf\u00f6rskolan Sally till\u00e4mpar samma\u00a0taxa som barnomsorgen i Kristianstads kommun.<\/p>\n<h1>V\u00e5r profil \u00e4r Idrott, H\u00e4lsa och Milj\u00f6<\/h1>\n<p>F\u00f6rskolan skall l\u00e4gga grunden f\u00f6r ett livsl\u00e5ngt l\u00e4rande. Verksamheten skall vara rolig, trygg och l\u00e4rorik f\u00f6r alla barn som deltar. F\u00f6rskolan ska str\u00e4va efter att varje barn utvecklar sin motorik, koordinationsf\u00f6rm\u00e5ga och kroppsuppfattning. Samt f\u00f6rst\u00e5else f\u00f6r vikten av att v\u00e4rna om sin h\u00e4lsa och sitt v\u00e4lbefinnande. Lpf\u00f6 18. Klicka <strong><a href=\"http:\/\/www.skolverket.se\/publikationer?id=2442\" target=\"_blank\" rel=\"noopener noreferrer\">h\u00e4r<\/a><\/strong> f\u00f6r att g\u00e5 till l\u00e4roplanen.<\/p>\n<p>Med regelbunden simning och r\u00f6relser ger vi barnen en allsidig motorisk utveckling som \u00e4r viktig inf\u00f6r skolstarten, samt en bra kost och utevistelse varje dag.<\/p>\n<p>&#8211; Vi vill att barnen ska k\u00e4nna sig trygga i barngruppen och med vuxna.<br \/>\n&#8211; Bli sedda i gruppen och enskilt.<br \/>\n&#8211; Bli bem\u00f6tta utifr\u00e5n sina egna f\u00f6ruts\u00e4ttningar.<br \/>\n&#8211; L\u00e4ra sig att ta ansvar.<br \/>\n&#8211; Uppmuntras att ta egna initiativ.<br \/>\n&#8211; Vi vill f\u00e5 barnen att k\u00e4nna empati f\u00f6r varandra och gentemot vuxna.<br \/>\n&#8211; Att varje barn utvecklar sin f\u00f6rm\u00e5ga att uppt\u00e4cka natur, teknik, l\u00e4sning och matematik i meningsfulla sammanhang.<br \/>\n&#8211; Att l\u00e4ra sig att vi alla \u00e4r en del av helheten och att vi ska vara r\u00e4dda om natur och v\u00e5ra djur.<br \/>\n&#8211; L\u00e4ra oss att bli milj\u00f6medvetna i det dagliga livet.<\/p>\n<p>&nbsp;<\/p>\n<p>&nbsp;<\/p>\n","protected":false},"excerpt":{"rendered":"<p>F\u00f6rskolan d\u00e4r alla trivs som fisken i vattnet! Simf\u00f6rskolan Sally erbjuder Dig som v\u00e5rdnadshavare och Ditt barn en lust- och lekfylld f\u00f6rskola i centrala Kristianstad. Vi erbjuder stora lokaler, en stor och lummig tr\u00e4dg\u00e5rd d\u00e4r barn och personal dagligen vistas. P\u00e5 Simf\u00f6rskolan Sally ser vi barnens trygghet och gl\u00e4dje som viktigt. Detta \u00e4r en f\u00f6ruts\u00e4ttning [&hellip;]<\/p>\n","protected":false},"author":1,"featured_media":0,"parent":0,"menu_order":0,"comment_status":"closed","ping_status":"closed","template":"","meta":{"footnotes":""},"class_list":["post-4","page","type-page","status-publish","hentry"],"_links":{"self":[{"href":"https:\/\/sallyskolan.se\/simforskolan\/wp-json\/wp\/v2\/pages\/4"}],"collection":[{"href":"https:\/\/sallyskolan.se\/simforskolan\/wp-json\/wp\/v2\/pages"}],"about":[{"href":"https:\/\/sallyskolan.se\/simforskolan\/wp-json\/wp\/v2\/types\/page"}],"author":[{"embeddable":true,"href":"https:\/\/sallyskolan.se\/simforskolan\/wp-json\/wp\/v2\/users\/1"}],"replies":[{"embeddable":true,"href":"https:\/\/sallyskolan.se\/simforskolan\/wp-json\/wp\/v2\/comments?post=4"}],"version-history":[{"count":29,"href":"https:\/\/sallyskolan.se\/simforskolan\/wp-json\/wp\/v2\/pages\/4\/revisions"}],"predecessor-version":[{"id":930,"href":"https:\/\/sallyskolan.se\/simforskolan\/wp-json\/wp\/v2\/pages\/4\/revisions\/930"}],"wp:attachment":[{"href":"https:\/\/sallyskolan.se\/simforskolan\/wp-json\/wp\/v2\/media?parent=4"}],"curies":[{"name":"wp","href":"https:\/\/api.w.org\/{rel}","templated":true}]}}