{"id":52,"date":"2015-09-01T17:39:34","date_gmt":"2015-09-01T15:39:34","guid":{"rendered":"http:\/\/sallyskolan.se\/simforskolan\/?page_id=52"},"modified":"2021-07-09T07:52:55","modified_gmt":"2021-07-09T05:52:55","slug":"hajen","status":"publish","type":"page","link":"https:\/\/sallyskolan.se\/simforskolan\/avdelningar\/hajen\/","title":{"rendered":"Hajen"},"content":{"rendered":"<h1>V\u00e4lkommen till Hajen!<\/h1>\n<p>Hajen \u00e4r en syskonavdelning med barn i \u00e5ldrarna 3-5 \u00e5r.\u00a0I veckorna g\u00f6r vi p\u00e5 Hajen en massa sp\u00e4nnande saker; vi jobbar med tema, montessoriinfluerad verksamhet, gymnastik, och har olika badaktivteter p\u00e5 Tivolibadet flera\u00a0g\u00e5nger i veckan. Vi vistas ocks\u00e5 mycket ute i v\u00e5r lummiga tr\u00e4dg\u00e5rd.<\/p>\n","protected":false},"excerpt":{"rendered":"<p>V\u00e4lkommen till Hajen! Hajen \u00e4r en syskonavdelning med barn i \u00e5ldrarna 3-5 \u00e5r.\u00a0I veckorna g\u00f6r vi p\u00e5 Hajen en massa sp\u00e4nnande saker; vi jobbar med tema, montessoriinfluerad verksamhet, gymnastik, och har olika badaktivteter p\u00e5 Tivolibadet flera\u00a0g\u00e5nger i veckan. Vi vistas ocks\u00e5 mycket ute i v\u00e5r lummiga tr\u00e4dg\u00e5rd.<\/p>\n","protected":false},"author":1,"featured_media":0,"parent":8,"menu_order":0,"comment_status":"closed","ping_status":"closed","template":"","meta":{"footnotes":""},"class_list":["post-52","page","type-page","status-publish","hentry"],"_links":{"self":[{"href":"https:\/\/sallyskolan.se\/simforskolan\/wp-json\/wp\/v2\/pages\/52"}],"collection":[{"href":"https:\/\/sallyskolan.se\/simforskolan\/wp-json\/wp\/v2\/pages"}],"about":[{"href":"https:\/\/sallyskolan.se\/simforskolan\/wp-json\/wp\/v2\/types\/page"}],"author":[{"embeddable":true,"href":"https:\/\/sallyskolan.se\/simforskolan\/wp-json\/wp\/v2\/users\/1"}],"replies":[{"embeddable":true,"href":"https:\/\/sallyskolan.se\/simforskolan\/wp-json\/wp\/v2\/comments?post=52"}],"version-history":[{"count":18,"href":"https:\/\/sallyskolan.se\/simforskolan\/wp-json\/wp\/v2\/pages\/52\/revisions"}],"predecessor-version":[{"id":891,"href":"https:\/\/sallyskolan.se\/simforskolan\/wp-json\/wp\/v2\/pages\/52\/revisions\/891"}],"up":[{"embeddable":true,"href":"https:\/\/sallyskolan.se\/simforskolan\/wp-json\/wp\/v2\/pages\/8"}],"wp:attachment":[{"href":"https:\/\/sallyskolan.se\/simforskolan\/wp-json\/wp\/v2\/media?parent=52"}],"curies":[{"name":"wp","href":"https:\/\/api.w.org\/{rel}","templated":true}]}}