{"id":54,"date":"2015-09-01T17:39:53","date_gmt":"2015-09-01T15:39:53","guid":{"rendered":"http:\/\/sallyskolan.se\/simforskolan\/?page_id=54"},"modified":"2021-07-09T07:53:18","modified_gmt":"2021-07-09T05:53:18","slug":"salen","status":"publish","type":"page","link":"https:\/\/sallyskolan.se\/simforskolan\/avdelningar\/salen\/","title":{"rendered":"S\u00e4len"},"content":{"rendered":"<h1>V\u00e4lkommen till S\u00e4len!<\/h1>\n<p>S\u00e4len \u00e4r en sm\u00e5barnsavdelning med barn i \u00e5ldrarna 1-3 \u00e5r.\u00a0P\u00e5 S\u00e4len arbetar vi med att barnen ska k\u00e4nna sig trygga\u00a0samt med TAKK &#8211; Tecken som Alternativ och Kompletterande Kommunikation (Tecken Som St\u00f6d). I veckorna g\u00f6r vi p\u00e5 S\u00e4len\u00a0en massa sp\u00e4nnande saker; vi jobbar med tema, s\u00e5ngsamlingar\u00a0och med\u00a0badaktiviteter p\u00e5 f\u00f6rskolan. Vi vistas ocks\u00e5 mycket ute i v\u00e5r lummiga tr\u00e4dg\u00e5rd.<\/p>\n","protected":false},"excerpt":{"rendered":"<p>V\u00e4lkommen till S\u00e4len! S\u00e4len \u00e4r en sm\u00e5barnsavdelning med barn i \u00e5ldrarna 1-3 \u00e5r.\u00a0P\u00e5 S\u00e4len arbetar vi med att barnen ska k\u00e4nna sig trygga\u00a0samt med TAKK &#8211; Tecken som Alternativ och Kompletterande Kommunikation (Tecken Som St\u00f6d). I veckorna g\u00f6r vi p\u00e5 S\u00e4len\u00a0en massa sp\u00e4nnande saker; vi jobbar med tema, s\u00e5ngsamlingar\u00a0och med\u00a0badaktiviteter p\u00e5 f\u00f6rskolan. Vi vistas ocks\u00e5 [&hellip;]<\/p>\n","protected":false},"author":1,"featured_media":0,"parent":8,"menu_order":0,"comment_status":"closed","ping_status":"closed","template":"","meta":{"footnotes":""},"class_list":["post-54","page","type-page","status-publish","hentry"],"_links":{"self":[{"href":"https:\/\/sallyskolan.se\/simforskolan\/wp-json\/wp\/v2\/pages\/54"}],"collection":[{"href":"https:\/\/sallyskolan.se\/simforskolan\/wp-json\/wp\/v2\/pages"}],"about":[{"href":"https:\/\/sallyskolan.se\/simforskolan\/wp-json\/wp\/v2\/types\/page"}],"author":[{"embeddable":true,"href":"https:\/\/sallyskolan.se\/simforskolan\/wp-json\/wp\/v2\/users\/1"}],"replies":[{"embeddable":true,"href":"https:\/\/sallyskolan.se\/simforskolan\/wp-json\/wp\/v2\/comments?post=54"}],"version-history":[{"count":23,"href":"https:\/\/sallyskolan.se\/simforskolan\/wp-json\/wp\/v2\/pages\/54\/revisions"}],"predecessor-version":[{"id":892,"href":"https:\/\/sallyskolan.se\/simforskolan\/wp-json\/wp\/v2\/pages\/54\/revisions\/892"}],"up":[{"embeddable":true,"href":"https:\/\/sallyskolan.se\/simforskolan\/wp-json\/wp\/v2\/pages\/8"}],"wp:attachment":[{"href":"https:\/\/sallyskolan.se\/simforskolan\/wp-json\/wp\/v2\/media?parent=54"}],"curies":[{"name":"wp","href":"https:\/\/api.w.org\/{rel}","templated":true}]}}