{"id":56,"date":"2015-09-01T17:40:07","date_gmt":"2015-09-01T15:40:07","guid":{"rendered":"http:\/\/sallyskolan.se\/simforskolan\/?page_id=56"},"modified":"2021-07-09T07:51:58","modified_gmt":"2021-07-09T05:51:58","slug":"krabban","status":"publish","type":"page","link":"https:\/\/sallyskolan.se\/simforskolan\/avdelningar\/krabban\/","title":{"rendered":"Krabban"},"content":{"rendered":"<h1>V\u00e4lkommen till Krabban!<\/h1>\n<p>Krabban \u00e4r en sm\u00e5barnsavdelning med barn i \u00e5ldrarna 1-3 \u00e5r.\u00a0P\u00e5 Krabban\u00a0arbetar vi med att barnen ska k\u00e4nna sig trygga\u00a0samt med TAKK &#8211;\u00a0Tecken som Alternativ och Kompletterande Kommunikation (Tecken Som St\u00f6d). I veckorna g\u00f6r vi p\u00e5 Krabban\u00a0en massa sp\u00e4nnande saker; vi jobbar med tema, s\u00e5ngsamlingar\u00a0och med\u00a0badaktiviteter p\u00e5 f\u00f6rskolan. Vi vistas ocks\u00e5 mycket ute i v\u00e5r lummiga tr\u00e4dg\u00e5rd.<\/p>\n","protected":false},"excerpt":{"rendered":"<p>V\u00e4lkommen till Krabban! Krabban \u00e4r en sm\u00e5barnsavdelning med barn i \u00e5ldrarna 1-3 \u00e5r.\u00a0P\u00e5 Krabban\u00a0arbetar vi med att barnen ska k\u00e4nna sig trygga\u00a0samt med TAKK &#8211;\u00a0Tecken som Alternativ och Kompletterande Kommunikation (Tecken Som St\u00f6d). I veckorna g\u00f6r vi p\u00e5 Krabban\u00a0en massa sp\u00e4nnande saker; vi jobbar med tema, s\u00e5ngsamlingar\u00a0och med\u00a0badaktiviteter p\u00e5 f\u00f6rskolan. Vi vistas ocks\u00e5 mycket ute [&hellip;]<\/p>\n","protected":false},"author":1,"featured_media":0,"parent":8,"menu_order":0,"comment_status":"closed","ping_status":"closed","template":"","meta":{"footnotes":""},"class_list":["post-56","page","type-page","status-publish","hentry"],"_links":{"self":[{"href":"https:\/\/sallyskolan.se\/simforskolan\/wp-json\/wp\/v2\/pages\/56"}],"collection":[{"href":"https:\/\/sallyskolan.se\/simforskolan\/wp-json\/wp\/v2\/pages"}],"about":[{"href":"https:\/\/sallyskolan.se\/simforskolan\/wp-json\/wp\/v2\/types\/page"}],"author":[{"embeddable":true,"href":"https:\/\/sallyskolan.se\/simforskolan\/wp-json\/wp\/v2\/users\/1"}],"replies":[{"embeddable":true,"href":"https:\/\/sallyskolan.se\/simforskolan\/wp-json\/wp\/v2\/comments?post=56"}],"version-history":[{"count":19,"href":"https:\/\/sallyskolan.se\/simforskolan\/wp-json\/wp\/v2\/pages\/56\/revisions"}],"predecessor-version":[{"id":889,"href":"https:\/\/sallyskolan.se\/simforskolan\/wp-json\/wp\/v2\/pages\/56\/revisions\/889"}],"up":[{"embeddable":true,"href":"https:\/\/sallyskolan.se\/simforskolan\/wp-json\/wp\/v2\/pages\/8"}],"wp:attachment":[{"href":"https:\/\/sallyskolan.se\/simforskolan\/wp-json\/wp\/v2\/media?parent=56"}],"curies":[{"name":"wp","href":"https:\/\/api.w.org\/{rel}","templated":true}]}}