{"id":8,"date":"2015-08-27T16:26:05","date_gmt":"2015-08-27T14:26:05","guid":{"rendered":"http:\/\/sallyskolan.se\/simforskolan\/?page_id=8"},"modified":"2016-07-13T14:00:42","modified_gmt":"2016-07-13T12:00:42","slug":"avdelningar","status":"publish","type":"page","link":"https:\/\/sallyskolan.se\/simforskolan\/avdelningar\/","title":{"rendered":"Avdelningar"},"content":{"rendered":"<h1>V\u00e5ra avdelningar<\/h1>\n<p>P\u00e5 Simf\u00f6rskolan Sally finns fyra\u00a0avdelningar: Delfinen, S\u00e4len, Hajen och Krabban.\u00a0S\u00e4len och Krabban \u00e4r\u00a0sm\u00e5barnsavdelningar f\u00f6r barn mellan 1-3 \u00e5r. Hajen\u00a0och\u00a0Delfinen\u00a0\u00e4r\u00a0syskonavdelningar f\u00f6r barn mellan 3-5 \u00e5r.<br \/>\nKlicka p\u00e5 ett\u00a0djur f\u00f6r att l\u00e4sa mer om respektive avdelnings\u00a0verksamhet och v\u00e5ra olika aktiviteter.<\/p>\n","protected":false},"excerpt":{"rendered":"<p>V\u00e5ra avdelningar P\u00e5 Simf\u00f6rskolan Sally finns fyra\u00a0avdelningar: Delfinen, S\u00e4len, Hajen och Krabban.\u00a0S\u00e4len och Krabban \u00e4r\u00a0sm\u00e5barnsavdelningar f\u00f6r barn mellan 1-3 \u00e5r. Hajen\u00a0och\u00a0Delfinen\u00a0\u00e4r\u00a0syskonavdelningar f\u00f6r barn mellan 3-5 \u00e5r. Klicka p\u00e5 ett\u00a0djur f\u00f6r att l\u00e4sa mer om respektive avdelnings\u00a0verksamhet och v\u00e5ra olika aktiviteter.<\/p>\n","protected":false},"author":1,"featured_media":0,"parent":0,"menu_order":0,"comment_status":"closed","ping_status":"closed","template":"","meta":{"footnotes":""},"class_list":["post-8","page","type-page","status-publish","hentry"],"_links":{"self":[{"href":"https:\/\/sallyskolan.se\/simforskolan\/wp-json\/wp\/v2\/pages\/8"}],"collection":[{"href":"https:\/\/sallyskolan.se\/simforskolan\/wp-json\/wp\/v2\/pages"}],"about":[{"href":"https:\/\/sallyskolan.se\/simforskolan\/wp-json\/wp\/v2\/types\/page"}],"author":[{"embeddable":true,"href":"https:\/\/sallyskolan.se\/simforskolan\/wp-json\/wp\/v2\/users\/1"}],"replies":[{"embeddable":true,"href":"https:\/\/sallyskolan.se\/simforskolan\/wp-json\/wp\/v2\/comments?post=8"}],"version-history":[{"count":13,"href":"https:\/\/sallyskolan.se\/simforskolan\/wp-json\/wp\/v2\/pages\/8\/revisions"}],"predecessor-version":[{"id":377,"href":"https:\/\/sallyskolan.se\/simforskolan\/wp-json\/wp\/v2\/pages\/8\/revisions\/377"}],"wp:attachment":[{"href":"https:\/\/sallyskolan.se\/simforskolan\/wp-json\/wp\/v2\/media?parent=8"}],"curies":[{"name":"wp","href":"https:\/\/api.w.org\/{rel}","templated":true}]}}